{"id":705,"date":"2023-11-24T05:42:34","date_gmt":"2023-11-24T05:42:34","guid":{"rendered":"https:\/\/mosaix.earth\/duracion-del-servicio\/"},"modified":"2023-11-24T05:42:34","modified_gmt":"2023-11-24T05:42:34","slug":"duracion-del-servicio","status":"publish","type":"page","link":"https:\/\/mosaix.earth\/es\/duracion-del-servicio\/","title":{"rendered":"Duraci\u00f3n del servicio"},"content":{"rendered":"<h2>Fecha de entrada en vigor: [Date]<\/h2>\n<p>\u00a1Bienvenido a MosaiX BV! Estas Condiciones de servicio describen los t\u00e9rminos y condiciones que rigen el uso de nuestro sitio web, servicios y productos. Al acceder o utilizar nuestros servicios, usted acepta cumplir estas condiciones. Si no est\u00e1 de acuerdo con alguna parte de estas condiciones, abst\u00e9ngase de utilizar nuestros servicios.<\/p>\n<h2>Uso de los servicios:<\/h2>\n<p>Puede utilizar nuestros servicios con fines personales o comerciales, siempre que cumpla estas condiciones y la legislaci\u00f3n aplicable. Usted se compromete a no utilizar nuestros servicios para actividades ilegales, perjudiciales o no autorizadas.<\/p>\n<h2>Propiedad intelectual:<\/h2>\n<p>Todos los contenidos y materiales de nuestro sitio web est\u00e1n protegidos por las leyes de propiedad intelectual. No puede copiar, reproducir, distribuir ni modificar ning\u00fan contenido sin nuestro consentimiento por escrito.<\/p>\n<h2>Conducta del usuario:<\/h2>\n<p>Todos los contenidos y materiales de nuestro sitio web est\u00e1n protegidos por las leyes de propiedad intelectual. No puede copiar, reproducir, distribuir ni modificar ning\u00fan contenido sin nuestro consentimiento por escrito.<\/p>\n<p class=\"mx__ts-text\">Al utilizar nuestros servicios, usted se compromete a no:<\/p>\n<ul>\n<li> Violar cualquier ley o normativa aplicable.<\/li>\n<li> Infringir los derechos de los dem\u00e1s.<\/li>\n<li> Interferir o interrumpir nuestros servicios o redes.<\/li>\n<li> Transmitir contenidos da\u00f1inos o maliciosos.<\/li>\n<li> Enlaces de terceros:<\/li>\n<\/ul>\n<p>Nuestro sitio web puede contener enlaces a sitios web o recursos de terceros. No nos hacemos responsables del contenido, exactitud o pr\u00e1cticas de estos sitios externos. Sus interacciones con sitios de terceros est\u00e1n sujetas a sus condiciones y pol\u00edticas.<\/p>\n<h2>Renuncia de garant\u00eda:<\/h2>\n<p>Nuestros servicios se prestan &#8220;tal cual&#8221; y &#8220;seg\u00fan disponibilidad&#8221;. No garantizamos que nuestros servicios sean ininterrumpidos, est\u00e9n libres de errores o sean seguros. Renunciamos a todas las garant\u00edas, ya sean expresas o impl\u00edcitas.<\/p>\n<h2>Limitaci\u00f3n de responsabilidad:<\/h2>\n<p>MosaiX BV y sus filiales no ser\u00e1n responsables de ning\u00fan da\u00f1o directo, indirecto, incidental, especial o consecuente que resulte del uso o de la imposibilidad de usar nuestros servicios.<\/p>\n<h2>Indemnizaci\u00f3n:<\/h2>\n<p>Usted se compromete a indemnizar y eximir a MosaiX BV de cualquier reclamaci\u00f3n, p\u00e9rdida, da\u00f1o, responsabilidad y gastos derivados del uso que haga de nuestros servicios.<\/p>\n<h2>Ley aplicable:<\/h2>\n<p>Estas Condiciones del servicio se regir\u00e1n e interpretar\u00e1n de acuerdo con las leyes de [Jurisdiction], sin tener en cuenta su conflicto de principios legales.<\/p>\n<h2>Cambios en las condiciones:<\/h2>\n<p>Nos reservamos el derecho a modificar o actualizar estas Condiciones del servicio en cualquier momento. Los cambios entrar\u00e1n en vigor en el momento de su publicaci\u00f3n en nuestro sitio web. Es su responsabilidad revisar estas condiciones peri\u00f3dicamente.<\/p>\n<h2>Cont\u00e1ctenos:<\/h2>\n<p>Si tiene alguna pregunta o duda sobre estas Condiciones del servicio, p\u00f3ngase en contacto con nosotros en <a href=\"#\"> info@mosaix.earth.<\/a>\n          <\/p>\n<p>Gracias por elegir MosaiX BV. Le agradecemos que respete estas condiciones y esperamos que disfrute de nuestros servicios.<\/p>\n","protected":false},"excerpt":{"rendered":"<p>Fecha de entrada en vigor: [Date] \u00a1Bienvenido a MosaiX BV! Estas Condiciones de servicio describen los t\u00e9rminos y condiciones que rigen el uso de nuestro sitio web, servicios y productos. Al acceder o utilizar nuestros servicios, usted acepta cumplir estas condiciones. Si no est\u00e1 de acuerdo con alguna parte de estas condiciones, abst\u00e9ngase de utilizar [&hellip;]<\/p>\n","protected":false},"author":1,"featured_media":0,"parent":0,"menu_order":0,"comment_status":"closed","ping_status":"closed","template":"template\/term-of-service.php","meta":{"_themeisle_gutenberg_block_has_review":false,"footnotes":""},"class_list":["post-705","page","type-page","status-publish","hentry"],"acf":[],"_links":{"self":[{"href":"https:\/\/mosaix.earth\/es\/wp-json\/wp\/v2\/pages\/705","targetHints":{"allow":["GET"]}}],"collection":[{"href":"https:\/\/mosaix.earth\/es\/wp-json\/wp\/v2\/pages"}],"about":[{"href":"https:\/\/mosaix.earth\/es\/wp-json\/wp\/v2\/types\/page"}],"author":[{"embeddable":true,"href":"https:\/\/mosaix.earth\/es\/wp-json\/wp\/v2\/users\/1"}],"replies":[{"embeddable":true,"href":"https:\/\/mosaix.earth\/es\/wp-json\/wp\/v2\/comments?post=705"}],"version-history":[{"count":0,"href":"https:\/\/mosaix.earth\/es\/wp-json\/wp\/v2\/pages\/705\/revisions"}],"wp:attachment":[{"href":"https:\/\/mosaix.earth\/es\/wp-json\/wp\/v2\/media?parent=705"}],"curies":[{"name":"wp","href":"https:\/\/api.w.org\/{rel}","templated":true}]}}